{"id":4515,"date":"2021-07-20T20:58:23","date_gmt":"2021-07-20T20:58:23","guid":{"rendered":"http:\/\/gruposeguridade.faso.com.br\/?page_id=4515"},"modified":"2025-03-19T01:21:22","modified_gmt":"2025-03-19T01:21:22","slug":"compliance","status":"publish","type":"page","link":"https:\/\/gruposeguridade.com.br\/index.php\/compliance\/","title":{"rendered":"COMPLIANCE"},"content":{"rendered":"\t\t<div data-elementor-type=\"wp-page\" data-elementor-id=\"4515\" class=\"elementor elementor-4515\" data-elementor-settings=\"{&quot;ha_cmc_init_switcher&quot;:&quot;no&quot;}\" data-elementor-post-type=\"page\">\n\t\t\t\t\t\t<section data-particle_enable=\"false\" data-particle-mobile-disabled=\"false\" class=\"elementor-section elementor-top-section elementor-element elementor-element-08df4a0 elementor-section-full_width elementor-section-height-min-height elementor-section-height-default elementor-section-items-middle exad-glass-effect-no exad-sticky-section-no\" data-id=\"08df4a0\" data-element_type=\"section\" data-e-type=\"section\" data-settings=\"{&quot;background_background&quot;:&quot;classic&quot;,&quot;_ha_eqh_enable&quot;:false}\">\n\t\t\t\t\t\t\t<div class=\"elementor-background-overlay\"><\/div>\n\t\t\t\t\t\t\t<div class=\"elementor-container elementor-column-gap-no\">\n\t\t\t\t\t<div class=\"elementor-column elementor-col-100 elementor-top-column elementor-element elementor-element-4a89063 exad-glass-effect-no exad-sticky-section-no\" data-id=\"4a89063\" data-element_type=\"column\" data-e-type=\"column\">\n\t\t\t<div class=\"elementor-widget-wrap\">\n\t\t\t\t\t\t\t<\/div>\n\t\t<\/div>\n\t\t\t\t\t<\/div>\n\t\t<\/section>\n\t\t\t\t<section data-particle_enable=\"false\" data-particle-mobile-disabled=\"false\" class=\"elementor-section elementor-top-section elementor-element elementor-element-b504a85 elementor-section-full_width elementor-reverse-mobile elementor-section-height-default elementor-section-height-default exad-glass-effect-no exad-sticky-section-no\" data-id=\"b504a85\" data-element_type=\"section\" data-e-type=\"section\" data-settings=\"{&quot;background_background&quot;:&quot;classic&quot;,&quot;_ha_eqh_enable&quot;:false}\">\n\t\t\t\t\t\t<div class=\"elementor-container elementor-column-gap-default\">\n\t\t\t\t\t<div class=\"elementor-column elementor-col-100 elementor-top-column elementor-element elementor-element-bc06c34 exad-glass-effect-no exad-sticky-section-no\" data-id=\"bc06c34\" data-element_type=\"column\" data-e-type=\"column\">\n\t\t\t<div class=\"elementor-widget-wrap elementor-element-populated\">\n\t\t\t\t\t\t<div class=\"elementor-element elementor-element-b6239b7 exad-sticky-section-no exad-glass-effect-no elementor-widget elementor-widget-heading\" data-id=\"b6239b7\" data-element_type=\"widget\" data-e-type=\"widget\" data-widget_type=\"heading.default\">\n\t\t\t\t<div class=\"elementor-widget-container\">\n\t\t\t\t\t<h2 class=\"elementor-heading-title elementor-size-default\">COMPLIANCE\n<\/h2>\t\t\t\t<\/div>\n\t\t\t\t<\/div>\n\t\t\t\t<div class=\"elementor-element elementor-element-ad3a074 exad-sticky-section-no exad-glass-effect-no elementor-invisible elementor-widget elementor-widget-text-editor\" data-id=\"ad3a074\" data-element_type=\"widget\" data-e-type=\"widget\" data-settings=\"{&quot;_animation&quot;:&quot;fadeInUp&quot;}\" data-widget_type=\"text-editor.default\">\n\t\t\t\t<div class=\"elementor-widget-container\">\n\t\t\t\t\t\t\t\t\t<p class=\"Normal1 tm7 tm8\">O Grupo Seguridade busca sempre garantir a seguran\u00e7a e integridade de todos que estabelecem alguma forma de contato com o grupo, sejam nossos fornecedores ou colaboradores. Acreditamos que a transpar\u00eancia \u00e9 a base s\u00f3lida para constru\u00e7\u00e3o e evolu\u00e7\u00e3o de grandes processos!<\/p><p class=\"Normal1 tm7 tm8\">COMPLIANCE \u2013 O conceito de compliance vem do verbo ingl\u00eas \u201cto comply\u201d, que significa \u201ccumprir\u201d, \u201cexecutar\u201d, \u201csatisfazer\u201d, \u201crealizar\u201d o que lhe foi imposto, ou seja, podemos dizer que compliance \u00e9 o dever de cumprir, de estar em conformidade e fazer cumprir regulamentos internos e externos impostos \u00e0s atividades das organiza\u00e7\u00f5es. Os resultados das a\u00e7\u00f5es de compliance demonstram o quanto a organiza\u00e7\u00e3o est\u00e1 aderente \u00e0s pol\u00edticas, diretrizes, normas, regulamentos, legisla\u00e7\u00e3o e procedimentos.\u00a0\u00a0NOSSO PROGRAMA DE COMPLIANCE \u2013 Atrav\u00e9s de um comit\u00ea interno com integrantes de todas as \u00e1reas da empresa, s\u00e3o realizadas auditorias, acompanhamentos e tratativas de todas as quest\u00f5es relacionadas ao Compliance.<\/p>\t\t\t\t\t\t\t\t<\/div>\n\t\t\t\t<\/div>\n\t\t\t\t<section data-particle_enable=\"false\" data-particle-mobile-disabled=\"false\" class=\"elementor-section elementor-inner-section elementor-element elementor-element-00a27de elementor-section-full_width elementor-section-height-default elementor-section-height-default exad-glass-effect-no exad-sticky-section-no\" data-id=\"00a27de\" data-element_type=\"section\" data-e-type=\"section\" data-settings=\"{&quot;_ha_eqh_enable&quot;:false}\">\n\t\t\t\t\t\t<div class=\"elementor-container elementor-column-gap-default\">\n\t\t\t\t\t<div class=\"elementor-column elementor-col-50 elementor-inner-column elementor-element elementor-element-4efeaa3 exad-glass-effect-no exad-sticky-section-no\" data-id=\"4efeaa3\" data-element_type=\"column\" data-e-type=\"column\">\n\t\t\t<div class=\"elementor-widget-wrap elementor-element-populated\">\n\t\t\t\t\t\t<div class=\"elementor-element elementor-element-43868d4 exad-sticky-section-no exad-glass-effect-no elementor-invisible elementor-widget elementor-widget-text-editor\" data-id=\"43868d4\" data-element_type=\"widget\" data-e-type=\"widget\" data-settings=\"{&quot;_animation&quot;:&quot;fadeInUp&quot;}\" data-widget_type=\"text-editor.default\">\n\t\t\t\t<div class=\"elementor-widget-container\">\n\t\t\t\t\t\t\t\t\t<p class=\"Normal tm5\"><span class=\"tm6\"><strong>NOSSO CANAL DE DEN\u00daNCIAS &#8211;<\/strong>\u00a0atrav\u00e9s do telefone (47) 9 8828-9210<\/span><\/p><p class=\"Normal tm5\"><strong><span class=\"tm6\">E-mail &#8211;\u00a0 <\/span><\/strong><u><a href=\"https:\/\/webmailpro.uol.com.br\/compose?to=privacidade@seguridade.com.br\"><span class=\"tm6\">privacidade@seguridade.com.br<\/span><\/a><\/u><\/p><p class=\"Normal tm5\"><span class=\"tm6\"><strong>NOSSA POL\u00cdTICA &#8211;<\/strong>\u00a0Nossa pol\u00edtica de privacidade esclarece diretrizes de tratamento de dados, direitos e canais internos para den\u00fancias.<\/span><\/p>\t\t\t\t\t\t\t\t<\/div>\n\t\t\t\t<\/div>\n\t\t\t\t\t<\/div>\n\t\t<\/div>\n\t\t\t\t<div class=\"elementor-column elementor-col-50 elementor-inner-column elementor-element elementor-element-0ff76a2 exad-glass-effect-no exad-sticky-section-no\" data-id=\"0ff76a2\" data-element_type=\"column\" data-e-type=\"column\">\n\t\t\t<div class=\"elementor-widget-wrap elementor-element-populated\">\n\t\t\t\t\t\t<div class=\"elementor-element elementor-element-4a42c43 exad-sticky-section-no exad-glass-effect-no elementor-widget elementor-widget-image\" data-id=\"4a42c43\" data-element_type=\"widget\" data-e-type=\"widget\" data-widget_type=\"image.default\">\n\t\t\t\t<div class=\"elementor-widget-container\">\n\t\t\t\t\t\t\t\t\t\t\t\t\t\t\t<img fetchpriority=\"high\" decoding=\"async\" width=\"606\" height=\"918\" src=\"https:\/\/gruposeguridade.com.br\/wp-content\/uploads\/2021\/07\/a51c384fbc05492e851cec0951cf5e2b-0008.jpg\" class=\"attachment-full size-full wp-image-4564\" alt=\"\" srcset=\"https:\/\/gruposeguridade.com.br\/wp-content\/uploads\/2021\/07\/a51c384fbc05492e851cec0951cf5e2b-0008.jpg 606w, https:\/\/gruposeguridade.com.br\/wp-content\/uploads\/2021\/07\/a51c384fbc05492e851cec0951cf5e2b-0008-198x300.jpg 198w\" sizes=\"(max-width: 606px) 100vw, 606px\" \/>\t\t\t\t\t\t\t\t\t\t\t\t\t\t\t<\/div>\n\t\t\t\t<\/div>\n\t\t\t\t\t<\/div>\n\t\t<\/div>\n\t\t\t\t\t<\/div>\n\t\t<\/section>\n\t\t\t\t\t<\/div>\n\t\t<\/div>\n\t\t\t\t\t<\/div>\n\t\t<\/section>\n\t\t\t\t<section data-particle_enable=\"false\" data-particle-mobile-disabled=\"false\" class=\"elementor-section elementor-top-section elementor-element elementor-element-f452996 elementor-hidden-desktop elementor-hidden-tablet elementor-hidden-mobile elementor-section-boxed elementor-section-height-default elementor-section-height-default exad-glass-effect-no exad-sticky-section-no\" data-id=\"f452996\" data-element_type=\"section\" data-e-type=\"section\" data-settings=\"{&quot;_ha_eqh_enable&quot;:false}\">\n\t\t\t\t\t\t<div class=\"elementor-container elementor-column-gap-default\">\n\t\t\t\t\t<div class=\"elementor-column elementor-col-100 elementor-top-column elementor-element elementor-element-f443782 exad-glass-effect-no exad-sticky-section-no\" data-id=\"f443782\" data-element_type=\"column\" data-e-type=\"column\">\n\t\t\t<div class=\"elementor-widget-wrap elementor-element-populated\">\n\t\t\t\t\t\t<div class=\"elementor-element elementor-element-f62fdf6 elementor-align-center exad-sticky-section-no exad-glass-effect-no elementor-widget elementor-widget-button\" data-id=\"f62fdf6\" data-element_type=\"widget\" data-e-type=\"widget\" data-widget_type=\"button.default\">\n\t\t\t\t<div class=\"elementor-widget-container\">\n\t\t\t\t\t\t\t\t\t<div class=\"elementor-button-wrapper\">\n\t\t\t\t\t<a class=\"elementor-button elementor-button-link elementor-size-sm elementor-animation-pulse-grow\" href=\"http:\/\/gruposeguridade.com.br\/wp-content\/uploads\/2021\/07\/Aviso-de-Privacidade-SEGURIDADE.pdf\" target=\"_blank\">\n\t\t\t\t\t\t<span class=\"elementor-button-content-wrapper\">\n\t\t\t\t\t\t\t\t\t<span class=\"elementor-button-text\">Aviso de Privacidade - Seguridade<\/span>\n\t\t\t\t\t<\/span>\n\t\t\t\t\t<\/a>\n\t\t\t\t<\/div>\n\t\t\t\t\t\t\t\t<\/div>\n\t\t\t\t<\/div>\n\t\t\t\t\t<\/div>\n\t\t<\/div>\n\t\t\t\t\t<\/div>\n\t\t<\/section>\n\t\t\t\t<\/div>\n\t\t","protected":false},"excerpt":{"rendered":"<p>COMPLIANCE O Grupo Seguridade busca sempre garantir a seguran\u00e7a e integridade de todos que estabelecem alguma forma de contato com o grupo, sejam nossos fornecedores ou colaboradores. Acreditamos que a transpar\u00eancia \u00e9 a base s\u00f3lida para constru\u00e7\u00e3o e evolu\u00e7\u00e3o de grandes processos! COMPLIANCE \u2013 O conceito de compliance vem do verbo ingl\u00eas \u201cto comply\u201d, que [&hellip;]<\/p>\n","protected":false},"author":1,"featured_media":0,"parent":0,"menu_order":0,"comment_status":"closed","ping_status":"closed","template":"","meta":{"site-sidebar-layout":"no-sidebar","site-content-layout":"page-builder","ast-site-content-layout":"default","site-content-style":"default","site-sidebar-style":"default","ast-global-header-display":"","ast-banner-title-visibility":"","ast-main-header-display":"","ast-hfb-above-header-display":"","ast-hfb-below-header-display":"","ast-hfb-mobile-header-display":"","site-post-title":"disabled","ast-breadcrumbs-content":"","ast-featured-img":"disabled","footer-sml-layout":"","ast-disable-related-posts":"","theme-transparent-header-meta":"default","adv-header-id-meta":"","stick-header-meta":"","header-above-stick-meta":"","header-main-stick-meta":"","header-below-stick-meta":"","astra-migrate-meta-layouts":"default","ast-page-background-enabled":"default","ast-page-background-meta":{"desktop":{"background-color":"","background-image":"","background-repeat":"repeat","background-position":"center center","background-size":"auto","background-attachment":"scroll","background-type":"","background-media":"","overlay-type":"","overlay-color":"","overlay-opacity":"","overlay-gradient":""},"tablet":{"background-color":"","background-image":"","background-repeat":"repeat","background-position":"center center","background-size":"auto","background-attachment":"scroll","background-type":"","background-media":"","overlay-type":"","overlay-color":"","overlay-opacity":"","overlay-gradient":""},"mobile":{"background-color":"","background-image":"","background-repeat":"repeat","background-position":"center center","background-size":"auto","background-attachment":"scroll","background-type":"","background-media":"","overlay-type":"","overlay-color":"","overlay-opacity":"","overlay-gradient":""}},"ast-content-background-meta":{"desktop":{"background-color":"var(--ast-global-color-5)","background-image":"","background-repeat":"repeat","background-position":"center center","background-size":"auto","background-attachment":"scroll","background-type":"","background-media":"","overlay-type":"","overlay-color":"","overlay-opacity":"","overlay-gradient":""},"tablet":{"background-color":"var(--ast-global-color-5)","background-image":"","background-repeat":"repeat","background-position":"center center","background-size":"auto","background-attachment":"scroll","background-type":"","background-media":"","overlay-type":"","overlay-color":"","overlay-opacity":"","overlay-gradient":""},"mobile":{"background-color":"var(--ast-global-color-5)","background-image":"","background-repeat":"repeat","background-position":"center center","background-size":"auto","background-attachment":"scroll","background-type":"","background-media":"","overlay-type":"","overlay-color":"","overlay-opacity":"","overlay-gradient":""}},"_joinchat":[],"footnotes":""},"class_list":["post-4515","page","type-page","status-publish","hentry"],"_links":{"self":[{"href":"https:\/\/gruposeguridade.com.br\/index.php\/wp-json\/wp\/v2\/pages\/4515","targetHints":{"allow":["GET"]}}],"collection":[{"href":"https:\/\/gruposeguridade.com.br\/index.php\/wp-json\/wp\/v2\/pages"}],"about":[{"href":"https:\/\/gruposeguridade.com.br\/index.php\/wp-json\/wp\/v2\/types\/page"}],"author":[{"embeddable":true,"href":"https:\/\/gruposeguridade.com.br\/index.php\/wp-json\/wp\/v2\/users\/1"}],"replies":[{"embeddable":true,"href":"https:\/\/gruposeguridade.com.br\/index.php\/wp-json\/wp\/v2\/comments?post=4515"}],"version-history":[{"count":61,"href":"https:\/\/gruposeguridade.com.br\/index.php\/wp-json\/wp\/v2\/pages\/4515\/revisions"}],"predecessor-version":[{"id":5507,"href":"https:\/\/gruposeguridade.com.br\/index.php\/wp-json\/wp\/v2\/pages\/4515\/revisions\/5507"}],"wp:attachment":[{"href":"https:\/\/gruposeguridade.com.br\/index.php\/wp-json\/wp\/v2\/media?parent=4515"}],"curies":[{"name":"wp","href":"https:\/\/api.w.org\/{rel}","templated":true}]}}